{"id":7826,"date":"2023-06-28T09:52:08","date_gmt":"2023-06-28T09:52:08","guid":{"rendered":"https:\/\/customer-service.ai\/chi-siamo\/"},"modified":"2023-07-10T06:17:21","modified_gmt":"2023-07-10T06:17:21","slug":"chi-siamo","status":"publish","type":"page","link":"https:\/\/customer-service.ai\/it\/chi-siamo\/","title":{"rendered":"Chi siamo"},"content":{"rendered":"\t\t<div data-elementor-type=\"wp-page\" data-elementor-id=\"7826\" class=\"elementor elementor-7826 elementor-2983\" data-elementor-post-type=\"page\">\n\t\t\t\t<div class=\"elementor-element elementor-element-e95d612 e-flex e-con-boxed e-con e-parent\" data-id=\"e95d612\" data-element_type=\"container\" data-e-type=\"container\">\n\t\t\t\t\t<div class=\"e-con-inner\">\n\t\t\t\t\t<\/div>\n\t\t\t\t<\/div>\n\t\t\t\t<section class=\"elementor-section elementor-top-section elementor-element elementor-element-810c1b2 elementor-section-boxed elementor-section-height-default elementor-section-height-default\" data-id=\"810c1b2\" data-element_type=\"section\" data-e-type=\"section\">\n\t\t\t\t\t\t<div class=\"elementor-container elementor-column-gap-default\">\n\t\t\t\t\t<div class=\"elementor-column elementor-col-100 elementor-top-column elementor-element elementor-element-99511db\" data-id=\"99511db\" data-element_type=\"column\" data-e-type=\"column\">\n\t\t\t<div class=\"elementor-widget-wrap elementor-element-populated\">\n\t\t\t\t\t\t<section class=\"elementor-section elementor-inner-section elementor-element elementor-element-e1f079f elementor-section-boxed elementor-section-height-default elementor-section-height-default\" data-id=\"e1f079f\" data-element_type=\"section\" data-e-type=\"section\">\n\t\t\t\t\t\t<div class=\"elementor-container elementor-column-gap-default\">\n\t\t\t\t\t<div class=\"elementor-column elementor-col-50 elementor-inner-column elementor-element elementor-element-a3c50bb\" data-id=\"a3c50bb\" data-element_type=\"column\" data-e-type=\"column\">\n\t\t\t<div class=\"elementor-widget-wrap elementor-element-populated\">\n\t\t\t\t\t\t<div class=\"elementor-element elementor-element-c36a4f0 elementor-widget elementor-widget-heading\" data-id=\"c36a4f0\" data-element_type=\"widget\" data-e-type=\"widget\" data-widget_type=\"heading.default\">\n\t\t\t\t<div class=\"elementor-widget-container\">\n\t\t\t\t\t<h3 class=\"elementor-heading-title elementor-size-default\">La nostra missione<\/h3>\t\t\t\t<\/div>\n\t\t\t\t<\/div>\n\t\t\t\t<div class=\"elementor-element elementor-element-3a29c5a elementor-widget elementor-widget-text-editor\" data-id=\"3a29c5a\" data-element_type=\"widget\" data-e-type=\"widget\" data-widget_type=\"text-editor.default\">\n\t\t\t\t<div class=\"elementor-widget-container\">\n\t\t\t\t\t\t\t\t\t<p><span style=\"vertical-align: inherit;\"><span style=\"vertical-align: inherit;\">Consentite alle aziende e ai privati di sfruttare la potenza dell&#8217;intelligenza artificiale e della ChatGPT per i loro contenuti e le loro esigenze specifiche con una piattaforma no-code \/ low-code facile da usare.<\/span><\/span><\/p>\n\t\t\t\t\t\t\t\t<\/div>\n\t\t\t\t<\/div>\n\t\t\t\t\t<\/div>\n\t\t<\/div>\n\t\t\t\t<div class=\"elementor-column elementor-col-50 elementor-inner-column elementor-element elementor-element-0cf97b4\" data-id=\"0cf97b4\" data-element_type=\"column\" data-e-type=\"column\">\n\t\t\t<div class=\"elementor-widget-wrap elementor-element-populated\">\n\t\t\t\t\t\t<div class=\"elementor-element elementor-element-bad9b3d elementor-position-left elementor-widget__width-inherit elementor-vertical-align-top elementor-widget elementor-widget-image-box\" data-id=\"bad9b3d\" data-element_type=\"widget\" data-e-type=\"widget\" data-widget_type=\"image-box.default\">\n\t\t\t\t<div class=\"elementor-widget-container\">\n\t\t\t\t\t<div class=\"elementor-image-box-wrapper\"><figure class=\"elementor-image-box-img\"><img decoding=\"async\" width=\"120\" height=\"126\" src=\"https:\/\/customer-service.ai\/wp-content\/uploads\/2023\/06\/aboutNew_icon1.png\" class=\"attachment-full size-full wp-image-7514\" alt=\"\" style=\"width:100%;height:105%;max-width:120px\" \/><\/figure><div class=\"elementor-image-box-content\"><h3 class=\"elementor-image-box-title\">ChatGPT per tutti<\/h3><p class=\"elementor-image-box-description\">Ci impegniamo a sostenere le aziende e i privati con soluzioni innovative di IA, indipendentemente dalle loro competenze tecniche.<\/p><\/div><\/div>\t\t\t\t<\/div>\n\t\t\t\t<\/div>\n\t\t\t\t<div class=\"elementor-element elementor-element-b67de27 elementor-position-left elementor-widget__width-inherit elementor-vertical-align-top elementor-widget elementor-widget-image-box\" data-id=\"b67de27\" data-element_type=\"widget\" data-e-type=\"widget\" data-widget_type=\"image-box.default\">\n\t\t\t\t<div class=\"elementor-widget-container\">\n\t\t\t\t\t<div class=\"elementor-image-box-wrapper\"><figure class=\"elementor-image-box-img\"><img decoding=\"async\" width=\"120\" height=\"126\" src=\"https:\/\/customer-service.ai\/wp-content\/uploads\/2023\/06\/aboutNew_icon2.png\" class=\"attachment-full size-full wp-image-7521\" alt=\"\" style=\"width:100%;height:105%;max-width:120px\" \/><\/figure><div class=\"elementor-image-box-content\"><h3 class=\"elementor-image-box-title\">Facile da usare<\/h3><p class=\"elementor-image-box-description\">Il nostro obiettivo \u00e8 creare condizioni di parit\u00e0 e dare a tutti l'opportunit\u00e0 di sfruttare la potenza dell'IA e di utilizzarla per la crescita, l'innovazione e il progresso.<\/p><\/div><\/div>\t\t\t\t<\/div>\n\t\t\t\t<\/div>\n\t\t\t\t<div class=\"elementor-element elementor-element-71de16d elementor-position-left elementor-widget__width-inherit elementor-vertical-align-top elementor-widget elementor-widget-image-box\" data-id=\"71de16d\" data-element_type=\"widget\" data-e-type=\"widget\" data-widget_type=\"image-box.default\">\n\t\t\t\t<div class=\"elementor-widget-container\">\n\t\t\t\t\t<div class=\"elementor-image-box-wrapper\"><figure class=\"elementor-image-box-img\"><img decoding=\"async\" width=\"120\" height=\"126\" src=\"https:\/\/customer-service.ai\/wp-content\/uploads\/2023\/06\/aboutNew_icon3.png\" class=\"attachment-full size-full wp-image-7528\" alt=\"\" style=\"width:100%;height:105%;max-width:120px\" \/><\/figure><div class=\"elementor-image-box-content\"><h3 class=\"elementor-image-box-title\"> IA affidabile<\/h3><p class=\"elementor-image-box-description\">Il nostro obiettivo \u00e8 fornire ai nostri clienti soluzioni di intelligenza artificiale di cui possano fidarsi e su cui possano fare affidamento per prendere decisioni informate basate sui loro contenuti e dati aziendali.<\/p><\/div><\/div>\t\t\t\t<\/div>\n\t\t\t\t<\/div>\n\t\t\t\t\t<\/div>\n\t\t<\/div>\n\t\t\t\t\t<\/div>\n\t\t<\/section>\n\t\t\t\t\t<\/div>\n\t\t<\/div>\n\t\t\t\t\t<\/div>\n\t\t<\/section>\n\t\t\t\t<section class=\"elementor-section elementor-top-section elementor-element elementor-element-c96d247 elementor-section-boxed elementor-section-height-default elementor-section-height-default\" data-id=\"c96d247\" data-element_type=\"section\" data-e-type=\"section\" data-settings=\"{&quot;background_background&quot;:&quot;classic&quot;}\">\n\t\t\t\t\t\t<div class=\"elementor-container elementor-column-gap-default\">\n\t\t\t\t\t<div class=\"elementor-column elementor-col-100 elementor-top-column elementor-element elementor-element-3e3282d\" data-id=\"3e3282d\" data-element_type=\"column\" data-e-type=\"column\">\n\t\t\t<div class=\"elementor-widget-wrap elementor-element-populated\">\n\t\t\t\t\t\t<section class=\"elementor-section elementor-inner-section elementor-element elementor-element-2f6ba9b elementor-section-boxed elementor-section-height-default elementor-section-height-default\" data-id=\"2f6ba9b\" data-element_type=\"section\" data-e-type=\"section\">\n\t\t\t\t\t\t<div class=\"elementor-container elementor-column-gap-default\">\n\t\t\t\t\t<div class=\"elementor-column elementor-col-100 elementor-inner-column elementor-element elementor-element-da266b9\" data-id=\"da266b9\" data-element_type=\"column\" data-e-type=\"column\">\n\t\t\t<div class=\"elementor-widget-wrap elementor-element-populated\">\n\t\t\t\t\t\t<div class=\"elementor-element elementor-element-be60249 elementor-widget elementor-widget-heading\" data-id=\"be60249\" data-element_type=\"widget\" data-e-type=\"widget\" data-widget_type=\"heading.default\">\n\t\t\t\t<div class=\"elementor-widget-container\">\n\t\t\t\t\t<h3 class=\"elementor-heading-title elementor-size-default\">Chi siamo<\/h3>\t\t\t\t<\/div>\n\t\t\t\t<\/div>\n\t\t\t\t\t<\/div>\n\t\t<\/div>\n\t\t\t\t\t<\/div>\n\t\t<\/section>\n\t\t\t\t<section class=\"elementor-section elementor-inner-section elementor-element elementor-element-1432aee elementor-section-content-middle elementor-section-boxed elementor-section-height-default elementor-section-height-default\" data-id=\"1432aee\" data-element_type=\"section\" data-e-type=\"section\">\n\t\t\t\t\t\t<div class=\"elementor-container elementor-column-gap-default\">\n\t\t\t\t\t<div class=\"elementor-column elementor-col-100 elementor-inner-column elementor-element elementor-element-336421a\" data-id=\"336421a\" data-element_type=\"column\" data-e-type=\"column\">\n\t\t\t<div class=\"elementor-widget-wrap elementor-element-populated\">\n\t\t\t\t\t\t<div class=\"elementor-element elementor-element-e003b2c elementor-widget-tablet__width-initial elementor-widget elementor-widget-heading\" data-id=\"e003b2c\" data-element_type=\"widget\" data-e-type=\"widget\" data-widget_type=\"heading.default\">\n\t\t\t\t<div class=\"elementor-widget-container\">\n\t\t\t\t\t<p class=\"elementor-heading-title elementor-size-default\">Il nostro team \u00e8 composto da esperti di intelligenza artificiale e apprendimento automatico che vantano una vasta esperienza nello sviluppo di soluzioni AI innovative. La nostra passione \u00e8 quella di rendere l'IA accessibile e utile per <b>alle<\/b>, La nostra passione \u00e8 quella di rendere l'IA accessibile e utile per<\/p>\t\t\t\t<\/div>\n\t\t\t\t<\/div>\n\t\t\t\t<div class=\"elementor-element elementor-element-f693d28 elementor-widget-tablet__width-initial elementor-widget elementor-widget-heading\" data-id=\"f693d28\" data-element_type=\"widget\" data-e-type=\"widget\" data-widget_type=\"heading.default\">\n\t\t\t\t<div class=\"elementor-widget-container\">\n\t\t\t\t\t<p class=\"elementor-heading-title elementor-size-default\">Con CustomerService, \u00e8 possibile creare il proprio chatbot in stile ChatGPT <b>I vostri dati<\/b>, e ricevere risposte in tempo reale sulla base di questi dati. Sia che siate una piccola impresa che vuole risparmiare tempo e denaro e decuplicare il coinvolgimento dei clienti, sia che siate un ricercatore che cerca approfondimenti da una grande quantit\u00e0 di dati, CustomerService \u00e8 la soluzione ideale.<\/p>\t\t\t\t<\/div>\n\t\t\t\t<\/div>\n\t\t\t\t\t<\/div>\n\t\t<\/div>\n\t\t\t\t\t<\/div>\n\t\t<\/section>\n\t\t\t\t\t<\/div>\n\t\t<\/div>\n\t\t\t\t\t<\/div>\n\t\t<\/section>\n\t\t\t\t<section class=\"elementor-section elementor-top-section elementor-element elementor-element-9e99268 elementor-section-boxed elementor-section-height-default elementor-section-height-default\" data-id=\"9e99268\" data-element_type=\"section\" data-e-type=\"section\" data-settings=\"{&quot;background_background&quot;:&quot;classic&quot;}\">\n\t\t\t\t\t\t<div class=\"elementor-container elementor-column-gap-default\">\n\t\t\t\t\t<div class=\"elementor-column elementor-col-100 elementor-top-column elementor-element elementor-element-62ee5da\" data-id=\"62ee5da\" data-element_type=\"column\" data-e-type=\"column\">\n\t\t\t<div class=\"elementor-widget-wrap elementor-element-populated\">\n\t\t\t\t\t\t<section class=\"elementor-section elementor-inner-section elementor-element elementor-element-acd19ca elementor-section-boxed elementor-section-height-default elementor-section-height-default\" data-id=\"acd19ca\" data-element_type=\"section\" data-e-type=\"section\">\n\t\t\t\t\t\t<div class=\"elementor-container elementor-column-gap-default\">\n\t\t\t\t\t<div class=\"elementor-column elementor-col-50 elementor-inner-column elementor-element elementor-element-b28198f\" data-id=\"b28198f\" data-element_type=\"column\" data-e-type=\"column\">\n\t\t\t<div class=\"elementor-widget-wrap elementor-element-populated\">\n\t\t\t\t\t\t<div class=\"elementor-element elementor-element-19ce080 elementor-widget elementor-widget-heading\" data-id=\"19ce080\" data-element_type=\"widget\" data-e-type=\"widget\" data-widget_type=\"heading.default\">\n\t\t\t\t<div class=\"elementor-widget-container\">\n\t\t\t\t\t<h3 class=\"elementor-heading-title elementor-size-default\">La nostra filosofia<\/h3>\t\t\t\t<\/div>\n\t\t\t\t<\/div>\n\t\t\t\t<div class=\"elementor-element elementor-element-b40d6c3 elementor-widget elementor-widget-heading\" data-id=\"b40d6c3\" data-element_type=\"widget\" data-e-type=\"widget\" data-widget_type=\"heading.default\">\n\t\t\t\t<div class=\"elementor-widget-container\">\n\t\t\t\t\t<p class=\"elementor-heading-title elementor-size-default\">Noi di CustomerService crediamo che l'IA debba essere accessibile e alla portata di tutti. Riteniamo che il vero potenziale dell'IA risieda nella sua capacit\u00e0 di essere adattata a esigenze e casi d'uso specifici e ci impegniamo a renderla una realt\u00e0 per i nostri clienti.<\/p>\t\t\t\t<\/div>\n\t\t\t\t<\/div>\n\t\t\t\t\t<\/div>\n\t\t<\/div>\n\t\t\t\t<div class=\"elementor-column elementor-col-50 elementor-inner-column elementor-element elementor-element-a9aa8a0\" data-id=\"a9aa8a0\" data-element_type=\"column\" data-e-type=\"column\">\n\t\t\t<div class=\"elementor-widget-wrap elementor-element-populated\">\n\t\t\t\t\t\t<div class=\"elementor-element elementor-element-e07067f elementor-position-left elementor-widget__width-inherit thinTitle elementor-vertical-align-top elementor-widget elementor-widget-image-box\" data-id=\"e07067f\" data-element_type=\"widget\" data-e-type=\"widget\" data-widget_type=\"image-box.default\">\n\t\t\t\t<div class=\"elementor-widget-container\">\n\t\t\t\t\t<div class=\"elementor-image-box-wrapper\"><figure class=\"elementor-image-box-img\"><img loading=\"lazy\" decoding=\"async\" width=\"149\" height=\"150\" src=\"https:\/\/customer-service.ai\/wp-content\/uploads\/2023\/06\/profile-1-new.png\" class=\"attachment-full size-full wp-image-7549\" alt=\"\" style=\"width:100%;height:100.67%;max-width:149px\" \/><\/figure><div class=\"elementor-image-box-content\"><h3 class=\"elementor-image-box-title\">Sconosciuto <span>CEO E FONDATORE<\/span><\/h3><p class=\"elementor-image-box-description\">Abbiamo costruito CustomerService in modo che possa essere condiviso con altri, indipendentemente dalle loro competenze tecniche.<\/p><\/div><\/div>\t\t\t\t<\/div>\n\t\t\t\t<\/div>\n\t\t\t\t\t<\/div>\n\t\t<\/div>\n\t\t\t\t\t<\/div>\n\t\t<\/section>\n\t\t\t\t\t<\/div>\n\t\t<\/div>\n\t\t\t\t\t<\/div>\n\t\t<\/section>\n\t\t\t\t<section class=\"elementor-section elementor-top-section elementor-element elementor-element-c5d3d12 elementor-section-boxed elementor-section-height-default elementor-section-height-default\" data-id=\"c5d3d12\" data-element_type=\"section\" data-e-type=\"section\">\n\t\t\t\t\t\t<div class=\"elementor-container elementor-column-gap-default\">\n\t\t\t\t\t<div class=\"elementor-column elementor-col-100 elementor-top-column elementor-element elementor-element-420dc3b\" data-id=\"420dc3b\" data-element_type=\"column\" data-e-type=\"column\">\n\t\t\t<div class=\"elementor-widget-wrap elementor-element-populated\">\n\t\t\t\t\t\t<section class=\"elementor-section elementor-inner-section elementor-element elementor-element-747887e elementor-section-boxed elementor-section-height-default elementor-section-height-default\" data-id=\"747887e\" data-element_type=\"section\" data-e-type=\"section\">\n\t\t\t\t\t\t<div class=\"elementor-container elementor-column-gap-default\">\n\t\t\t\t\t<div class=\"elementor-column elementor-col-50 elementor-inner-column elementor-element elementor-element-6531b2a\" data-id=\"6531b2a\" data-element_type=\"column\" data-e-type=\"column\">\n\t\t\t<div class=\"elementor-widget-wrap elementor-element-populated\">\n\t\t\t\t\t\t<div class=\"elementor-element elementor-element-ec55cff elementor-widget elementor-widget-heading\" data-id=\"ec55cff\" data-element_type=\"widget\" data-e-type=\"widget\" data-widget_type=\"heading.default\">\n\t\t\t\t<div class=\"elementor-widget-container\">\n\t\t\t\t\t<h3 class=\"elementor-heading-title elementor-size-default\">Diventare partner<\/h3>\t\t\t\t<\/div>\n\t\t\t\t<\/div>\n\t\t\t\t<div class=\"elementor-element elementor-element-c7d72a9 elementor-widget elementor-widget-heading\" data-id=\"c7d72a9\" data-element_type=\"widget\" data-e-type=\"widget\" data-widget_type=\"heading.default\">\n\t\t\t\t<div class=\"elementor-widget-container\">\n\t\t\t\t\t<p class=\"elementor-heading-title elementor-size-default\">Segnalate la soluzione CustomerService alle aziende e guadagnate denaro per le vostre segnalazioni. Iscrivetevi al nostro programma per partner affiliati o inviateci un'e-mail a info@bconnectlivechat.nl. <\/p>\t\t\t\t<\/div>\n\t\t\t\t<\/div>\n\t\t\t\t\t<\/div>\n\t\t<\/div>\n\t\t\t\t<div class=\"elementor-column elementor-col-50 elementor-inner-column elementor-element elementor-element-948d917\" data-id=\"948d917\" data-element_type=\"column\" data-e-type=\"column\">\n\t\t\t<div class=\"elementor-widget-wrap elementor-element-populated\">\n\t\t\t\t\t\t<div class=\"elementor-element elementor-element-43ed082 cus-acc elementor-widget elementor-widget-accordion\" data-id=\"43ed082\" data-element_type=\"widget\" data-e-type=\"widget\" data-widget_type=\"accordion.default\">\n\t\t\t\t<div class=\"elementor-widget-container\">\n\t\t\t\t\t\t\t<div class=\"elementor-accordion\">\n\t\t\t\t\t\t\t<div class=\"elementor-accordion-item\">\n\t\t\t\t\t<div id=\"elementor-tab-title-7121\" class=\"elementor-tab-title\" data-tab=\"1\" role=\"button\" aria-controls=\"elementor-tab-content-7121\" aria-expanded=\"false\">\n\t\t\t\t\t\t\t\t\t\t\t\t\t<span class=\"elementor-accordion-icon elementor-accordion-icon-right\" aria-hidden=\"true\">\n\t\t\t\t\t\t\t\t\t\t\t\t\t\t\t<span class=\"elementor-accordion-icon-closed\"><i class=\"fas fa-angle-down\"><\/i><\/span>\n\t\t\t\t\t\t\t\t<span class=\"elementor-accordion-icon-opened\"><i class=\"fas fa-angle-up\"><\/i><\/span>\n\t\t\t\t\t\t\t\t\t\t\t\t\t\t<\/span>\n\t\t\t\t\t\t\t\t\t\t\t\t<a class=\"elementor-accordion-title\" tabindex=\"0\">Sviluppatori<\/a>\n\t\t\t\t\t<\/div>\n\t\t\t\t\t<div id=\"elementor-tab-content-7121\" class=\"elementor-tab-content elementor-clearfix\" data-tab=\"1\" role=\"region\" aria-labelledby=\"elementor-tab-title-7121\"><p>Ogni piano a pagamento include l&#8217;accesso alle API. Crediamo che la vera potenza del CustomerService risieda negli sviluppatori che incorporano ChatGPT con i vostri dati nei vostri flussi di lavoro. <\/p>\n<\/div>\n\t\t\t\t<\/div>\n\t\t\t\t\t\t\t<div class=\"elementor-accordion-item\">\n\t\t\t\t\t<div id=\"elementor-tab-title-7122\" class=\"elementor-tab-title\" data-tab=\"2\" role=\"button\" aria-controls=\"elementor-tab-content-7122\" aria-expanded=\"false\">\n\t\t\t\t\t\t\t\t\t\t\t\t\t<span class=\"elementor-accordion-icon elementor-accordion-icon-right\" aria-hidden=\"true\">\n\t\t\t\t\t\t\t\t\t\t\t\t\t\t\t<span class=\"elementor-accordion-icon-closed\"><i class=\"fas fa-angle-down\"><\/i><\/span>\n\t\t\t\t\t\t\t\t<span class=\"elementor-accordion-icon-opened\"><i class=\"fas fa-angle-up\"><\/i><\/span>\n\t\t\t\t\t\t\t\t\t\t\t\t\t\t<\/span>\n\t\t\t\t\t\t\t\t\t\t\t\t<a class=\"elementor-accordion-title\" tabindex=\"0\">Partner tecnologici<\/a>\n\t\t\t\t\t<\/div>\n\t\t\t\t\t<div id=\"elementor-tab-content-7122\" class=\"elementor-tab-content elementor-clearfix\" data-tab=\"2\" role=\"region\" aria-labelledby=\"elementor-tab-title-7122\"><p>Se state cercando di integrare la nostra tecnologia nelle vostre offerte di prodotti esistenti o di sviluppare nuove applicazioni. Ogni piano a pagamento include l&#8217;accesso alle API. <\/p>\n<\/div>\n\t\t\t\t<\/div>\n\t\t\t\t\t\t\t<div class=\"elementor-accordion-item\">\n\t\t\t\t\t<div id=\"elementor-tab-title-7123\" class=\"elementor-tab-title\" data-tab=\"3\" role=\"button\" aria-controls=\"elementor-tab-content-7123\" aria-expanded=\"false\">\n\t\t\t\t\t\t\t\t\t\t\t\t\t<span class=\"elementor-accordion-icon elementor-accordion-icon-right\" aria-hidden=\"true\">\n\t\t\t\t\t\t\t\t\t\t\t\t\t\t\t<span class=\"elementor-accordion-icon-closed\"><i class=\"fas fa-angle-down\"><\/i><\/span>\n\t\t\t\t\t\t\t\t<span class=\"elementor-accordion-icon-opened\"><i class=\"fas fa-angle-up\"><\/i><\/span>\n\t\t\t\t\t\t\t\t\t\t\t\t\t\t<\/span>\n\t\t\t\t\t\t\t\t\t\t\t\t<a class=\"elementor-accordion-title\" tabindex=\"0\">Rivenditore<\/a>\n\t\t\t\t\t<\/div>\n\t\t\t\t\t<div id=\"elementor-tab-content-7123\" class=\"elementor-tab-content elementor-clearfix\" data-tab=\"3\" role=\"region\" aria-labelledby=\"elementor-tab-title-7123\"><p>Vendete e promuovete la tecnologia AI di CustomerService ai vostri clienti. Dovrete fungere da punto di contatto primario per i vostri clienti e fornire loro assistenza e guida durante l&#8217;intero processo di vendita. Condividere le entrate tramite il <a href=\"https:\/\/customgpt.ai\/partners\/\">programma partner<\/a>. <\/p>\n<\/div>\n\t\t\t\t<\/div>\n\t\t\t\t\t\t\t\t<\/div>\n\t\t\t\t\t\t<\/div>\n\t\t\t\t<\/div>\n\t\t\t\t\t<\/div>\n\t\t<\/div>\n\t\t\t\t\t<\/div>\n\t\t<\/section>\n\t\t\t\t\t<\/div>\n\t\t<\/div>\n\t\t\t\t\t<\/div>\n\t\t<\/section>\n\t\t\t\t<\/div>\n\t\t","protected":false},"excerpt":{"rendered":"<p>La nostra missione Consentite alle aziende e ai privati di sfruttare la potenza dell&#8217;intelligenza artificiale e della ChatGPT per i loro contenuti e le loro esigenze specifiche con una piattaforma no-code \/ low-code facile da usare. ChatGPT per tutti Ci impegniamo a sostenere le aziende e i privati con soluzioni innovative di IA, indipendentemente dalle&hellip; <a class=\"more-link\" href=\"https:\/\/customer-service.ai\/it\/chi-siamo\/\">Continua a leggere <span class=\"screen-reader-text\">Chi siamo<\/span><\/a><\/p>\n","protected":false},"author":2,"featured_media":0,"parent":0,"menu_order":0,"comment_status":"closed","ping_status":"closed","template":"","meta":{"_acf_changed":false,"inline_featured_image":false,"footnotes":""},"class_list":["post-7826","page","type-page","status-publish","hentry","entry"],"acf":[],"_links":{"self":[{"href":"https:\/\/customer-service.ai\/it\/wp-json\/wp\/v2\/pages\/7826","targetHints":{"allow":["GET"]}}],"collection":[{"href":"https:\/\/customer-service.ai\/it\/wp-json\/wp\/v2\/pages"}],"about":[{"href":"https:\/\/customer-service.ai\/it\/wp-json\/wp\/v2\/types\/page"}],"author":[{"embeddable":true,"href":"https:\/\/customer-service.ai\/it\/wp-json\/wp\/v2\/users\/2"}],"replies":[{"embeddable":true,"href":"https:\/\/customer-service.ai\/it\/wp-json\/wp\/v2\/comments?post=7826"}],"version-history":[{"count":1,"href":"https:\/\/customer-service.ai\/it\/wp-json\/wp\/v2\/pages\/7826\/revisions"}],"predecessor-version":[{"id":7827,"href":"https:\/\/customer-service.ai\/it\/wp-json\/wp\/v2\/pages\/7826\/revisions\/7827"}],"wp:attachment":[{"href":"https:\/\/customer-service.ai\/it\/wp-json\/wp\/v2\/media?parent=7826"}],"curies":[{"name":"wp","href":"https:\/\/api.w.org\/{rel}","templated":true}]}}