{"id":7828,"date":"2023-06-28T09:52:08","date_gmt":"2023-06-28T09:52:08","guid":{"rendered":"https:\/\/customer-service.ai\/o-nas\/"},"modified":"2023-07-10T06:44:54","modified_gmt":"2023-07-10T06:44:54","slug":"o-nas","status":"publish","type":"page","link":"https:\/\/customer-service.ai\/pl\/o-nas\/","title":{"rendered":"O nas"},"content":{"rendered":"\t\t<div data-elementor-type=\"wp-page\" data-elementor-id=\"7828\" class=\"elementor elementor-7828 elementor-2983\" data-elementor-post-type=\"page\">\n\t\t\t\t<div class=\"elementor-element elementor-element-e95d612 e-flex e-con-boxed e-con e-parent\" data-id=\"e95d612\" data-element_type=\"container\" data-e-type=\"container\">\n\t\t\t\t\t<div class=\"e-con-inner\">\n\t\t\t\t\t<\/div>\n\t\t\t\t<\/div>\n\t\t\t\t<section class=\"elementor-section elementor-top-section elementor-element elementor-element-810c1b2 elementor-section-boxed elementor-section-height-default elementor-section-height-default\" data-id=\"810c1b2\" data-element_type=\"section\" data-e-type=\"section\">\n\t\t\t\t\t\t<div class=\"elementor-container elementor-column-gap-default\">\n\t\t\t\t\t<div class=\"elementor-column elementor-col-100 elementor-top-column elementor-element elementor-element-99511db\" data-id=\"99511db\" data-element_type=\"column\" data-e-type=\"column\">\n\t\t\t<div class=\"elementor-widget-wrap elementor-element-populated\">\n\t\t\t\t\t\t<section class=\"elementor-section elementor-inner-section elementor-element elementor-element-e1f079f elementor-section-boxed elementor-section-height-default elementor-section-height-default\" data-id=\"e1f079f\" data-element_type=\"section\" data-e-type=\"section\">\n\t\t\t\t\t\t<div class=\"elementor-container elementor-column-gap-default\">\n\t\t\t\t\t<div class=\"elementor-column elementor-col-50 elementor-inner-column elementor-element elementor-element-a3c50bb\" data-id=\"a3c50bb\" data-element_type=\"column\" data-e-type=\"column\">\n\t\t\t<div class=\"elementor-widget-wrap elementor-element-populated\">\n\t\t\t\t\t\t<div class=\"elementor-element elementor-element-c36a4f0 elementor-widget elementor-widget-heading\" data-id=\"c36a4f0\" data-element_type=\"widget\" data-e-type=\"widget\" data-widget_type=\"heading.default\">\n\t\t\t\t<div class=\"elementor-widget-container\">\n\t\t\t\t\t<h3 class=\"elementor-heading-title elementor-size-default\">Nasza misja<\/h3>\t\t\t\t<\/div>\n\t\t\t\t<\/div>\n\t\t\t\t<div class=\"elementor-element elementor-element-3a29c5a elementor-widget elementor-widget-text-editor\" data-id=\"3a29c5a\" data-element_type=\"widget\" data-e-type=\"widget\" data-widget_type=\"text-editor.default\">\n\t\t\t\t<div class=\"elementor-widget-container\">\n\t\t\t\t\t\t\t\t\t<p><span style=\"vertical-align: inherit;\"><span style=\"vertical-align: inherit;\">Umo\u017cliwienie firmom i osobom fizycznym korzystania z mocy sztucznej inteligencji i ChatGPT dla ich w\u0142asnych unikalnych tre\u015bci i potrzeb dzi\u0119ki \u0142atwej w u\u017cyciu platformie bez kodu \/ o niskim kodzie.<\/span><\/span><\/p>\n\t\t\t\t\t\t\t\t<\/div>\n\t\t\t\t<\/div>\n\t\t\t\t\t<\/div>\n\t\t<\/div>\n\t\t\t\t<div class=\"elementor-column elementor-col-50 elementor-inner-column elementor-element elementor-element-0cf97b4\" data-id=\"0cf97b4\" data-element_type=\"column\" data-e-type=\"column\">\n\t\t\t<div class=\"elementor-widget-wrap elementor-element-populated\">\n\t\t\t\t\t\t<div class=\"elementor-element elementor-element-bad9b3d elementor-position-left elementor-widget__width-inherit elementor-vertical-align-top elementor-widget elementor-widget-image-box\" data-id=\"bad9b3d\" data-element_type=\"widget\" data-e-type=\"widget\" data-widget_type=\"image-box.default\">\n\t\t\t\t<div class=\"elementor-widget-container\">\n\t\t\t\t\t<div class=\"elementor-image-box-wrapper\"><figure class=\"elementor-image-box-img\"><img decoding=\"async\" width=\"120\" height=\"126\" src=\"https:\/\/customer-service.ai\/wp-content\/uploads\/2023\/06\/aboutNew_icon1.png\" class=\"attachment-full size-full wp-image-7515\" alt=\"\" style=\"width:100%;height:105%;max-width:120px\" \/><\/figure><div class=\"elementor-image-box-content\"><h3 class=\"elementor-image-box-title\">ChatGPT dla ka\u017cdego<\/h3><p class=\"elementor-image-box-description\">D\u0105\u017cymy do wzmocnienia pozycji firm i os\u00f3b prywatnych dzi\u0119ki najnowocze\u015bniejszym rozwi\u0105zaniom AI, niezale\u017cnie od ich wiedzy technicznej.<\/p><\/div><\/div>\t\t\t\t<\/div>\n\t\t\t\t<\/div>\n\t\t\t\t<div class=\"elementor-element elementor-element-b67de27 elementor-position-left elementor-widget__width-inherit elementor-vertical-align-top elementor-widget elementor-widget-image-box\" data-id=\"b67de27\" data-element_type=\"widget\" data-e-type=\"widget\" data-widget_type=\"image-box.default\">\n\t\t\t\t<div class=\"elementor-widget-container\">\n\t\t\t\t\t<div class=\"elementor-image-box-wrapper\"><figure class=\"elementor-image-box-img\"><img decoding=\"async\" width=\"120\" height=\"126\" src=\"https:\/\/customer-service.ai\/wp-content\/uploads\/2023\/06\/aboutNew_icon2.png\" class=\"attachment-full size-full wp-image-7522\" alt=\"\" style=\"width:100%;height:105%;max-width:120px\" \/><\/figure><div class=\"elementor-image-box-content\"><h3 class=\"elementor-image-box-title\">\u0141atwy w u\u017cyciu<\/h3><p class=\"elementor-image-box-description\">Naszym celem jest wyr\u00f3wnanie szans i zapewnienie wszystkim mo\u017cliwo\u015bci wykorzystania mocy sztucznej inteligencji do nap\u0119dzania wzrostu, innowacji i post\u0119pu.<\/p><\/div><\/div>\t\t\t\t<\/div>\n\t\t\t\t<\/div>\n\t\t\t\t<div class=\"elementor-element elementor-element-71de16d elementor-position-left elementor-widget__width-inherit elementor-vertical-align-top elementor-widget elementor-widget-image-box\" data-id=\"71de16d\" data-element_type=\"widget\" data-e-type=\"widget\" data-widget_type=\"image-box.default\">\n\t\t\t\t<div class=\"elementor-widget-container\">\n\t\t\t\t\t<div class=\"elementor-image-box-wrapper\"><figure class=\"elementor-image-box-img\"><img decoding=\"async\" width=\"120\" height=\"126\" src=\"https:\/\/customer-service.ai\/wp-content\/uploads\/2023\/06\/aboutNew_icon3.png\" class=\"attachment-full size-full wp-image-7529\" alt=\"\" style=\"width:100%;height:105%;max-width:120px\" \/><\/figure><div class=\"elementor-image-box-content\"><h3 class=\"elementor-image-box-title\"> Zaufana sztuczna inteligencja<\/h3><p class=\"elementor-image-box-description\">Nasz\u0105 misj\u0105 jest dostarczanie naszym klientom rozwi\u0105za\u0144 AI, kt\u00f3rym mog\u0105 zaufa\u0107 i na kt\u00f3rych mog\u0105 polega\u0107, aby podejmowa\u0107 \u015bwiadome decyzje w oparciu o w\u0142asne tre\u015bci biznesowe i dane.<\/p><\/div><\/div>\t\t\t\t<\/div>\n\t\t\t\t<\/div>\n\t\t\t\t\t<\/div>\n\t\t<\/div>\n\t\t\t\t\t<\/div>\n\t\t<\/section>\n\t\t\t\t\t<\/div>\n\t\t<\/div>\n\t\t\t\t\t<\/div>\n\t\t<\/section>\n\t\t\t\t<section class=\"elementor-section elementor-top-section elementor-element elementor-element-c96d247 elementor-section-boxed elementor-section-height-default elementor-section-height-default\" data-id=\"c96d247\" data-element_type=\"section\" data-e-type=\"section\" data-settings=\"{&quot;background_background&quot;:&quot;classic&quot;}\">\n\t\t\t\t\t\t<div class=\"elementor-container elementor-column-gap-default\">\n\t\t\t\t\t<div class=\"elementor-column elementor-col-100 elementor-top-column elementor-element elementor-element-3e3282d\" data-id=\"3e3282d\" data-element_type=\"column\" data-e-type=\"column\">\n\t\t\t<div class=\"elementor-widget-wrap elementor-element-populated\">\n\t\t\t\t\t\t<section class=\"elementor-section elementor-inner-section elementor-element elementor-element-2f6ba9b elementor-section-boxed elementor-section-height-default elementor-section-height-default\" data-id=\"2f6ba9b\" data-element_type=\"section\" data-e-type=\"section\">\n\t\t\t\t\t\t<div class=\"elementor-container elementor-column-gap-default\">\n\t\t\t\t\t<div class=\"elementor-column elementor-col-100 elementor-inner-column elementor-element elementor-element-da266b9\" data-id=\"da266b9\" data-element_type=\"column\" data-e-type=\"column\">\n\t\t\t<div class=\"elementor-widget-wrap elementor-element-populated\">\n\t\t\t\t\t\t<div class=\"elementor-element elementor-element-be60249 elementor-widget elementor-widget-heading\" data-id=\"be60249\" data-element_type=\"widget\" data-e-type=\"widget\" data-widget_type=\"heading.default\">\n\t\t\t\t<div class=\"elementor-widget-container\">\n\t\t\t\t\t<h3 class=\"elementor-heading-title elementor-size-default\">O nas<\/h3>\t\t\t\t<\/div>\n\t\t\t\t<\/div>\n\t\t\t\t\t<\/div>\n\t\t<\/div>\n\t\t\t\t\t<\/div>\n\t\t<\/section>\n\t\t\t\t<section class=\"elementor-section elementor-inner-section elementor-element elementor-element-1432aee elementor-section-content-middle elementor-section-boxed elementor-section-height-default elementor-section-height-default\" data-id=\"1432aee\" data-element_type=\"section\" data-e-type=\"section\">\n\t\t\t\t\t\t<div class=\"elementor-container elementor-column-gap-default\">\n\t\t\t\t\t<div class=\"elementor-column elementor-col-100 elementor-inner-column elementor-element elementor-element-336421a\" data-id=\"336421a\" data-element_type=\"column\" data-e-type=\"column\">\n\t\t\t<div class=\"elementor-widget-wrap elementor-element-populated\">\n\t\t\t\t\t\t<div class=\"elementor-element elementor-element-e003b2c elementor-widget-tablet__width-initial elementor-widget elementor-widget-heading\" data-id=\"e003b2c\" data-element_type=\"widget\" data-e-type=\"widget\" data-widget_type=\"heading.default\">\n\t\t\t\t<div class=\"elementor-widget-container\">\n\t\t\t\t\t<p class=\"elementor-heading-title elementor-size-default\">Nasz zesp\u00f3\u0142 sk\u0142ada si\u0119 z ekspert\u00f3w w dziedzinie sztucznej inteligencji i uczenia maszynowego, kt\u00f3rzy maj\u0105 bogate do\u015bwiadczenie w tworzeniu najnowocze\u015bniejszych rozwi\u0105za\u0144 AI. Nasz\u0105 pasj\u0105 jest uczynienie sztucznej inteligencji dost\u0119pn\u0105 i u\u017cyteczn\u0105 dla <b>ka\u017cdy<\/b>,niezale\u017cnie od ich wiedzy technicznej.<\/p>\t\t\t\t<\/div>\n\t\t\t\t<\/div>\n\t\t\t\t<div class=\"elementor-element elementor-element-f693d28 elementor-widget-tablet__width-initial elementor-widget elementor-widget-heading\" data-id=\"f693d28\" data-element_type=\"widget\" data-e-type=\"widget\" data-widget_type=\"heading.default\">\n\t\t\t\t<div class=\"elementor-widget-container\">\n\t\t\t\t\t<p class=\"elementor-heading-title elementor-size-default\">Dzi\u0119ki CustomerService mo\u017cesz zbudowa\u0107 w\u0142asnego chatbota w stylu ChatGPT przy u\u017cyciu <b>w\u0142asne dane<\/b>, i uzyskiwa\u0107 odpowiedzi w czasie rzeczywistym na podstawie tych danych. Niezale\u017cnie od tego, czy jeste\u015b ma\u0142\u0105 firm\u0105, kt\u00f3ra chce zaoszcz\u0119dzi\u0107 czas i pieni\u0105dze oraz 10-krotnie zwi\u0119kszy\u0107 zaanga\u017cowanie klient\u00f3w, czy te\u017c badaczem poszukuj\u0105cym wgl\u0105du w mn\u00f3stwo danych, CustomerService jest idealnym rozwi\u0105zaniem.<\/p>\t\t\t\t<\/div>\n\t\t\t\t<\/div>\n\t\t\t\t\t<\/div>\n\t\t<\/div>\n\t\t\t\t\t<\/div>\n\t\t<\/section>\n\t\t\t\t\t<\/div>\n\t\t<\/div>\n\t\t\t\t\t<\/div>\n\t\t<\/section>\n\t\t\t\t<section class=\"elementor-section elementor-top-section elementor-element elementor-element-9e99268 elementor-section-boxed elementor-section-height-default elementor-section-height-default\" data-id=\"9e99268\" data-element_type=\"section\" data-e-type=\"section\" data-settings=\"{&quot;background_background&quot;:&quot;classic&quot;}\">\n\t\t\t\t\t\t<div class=\"elementor-container elementor-column-gap-default\">\n\t\t\t\t\t<div class=\"elementor-column elementor-col-100 elementor-top-column elementor-element elementor-element-62ee5da\" data-id=\"62ee5da\" data-element_type=\"column\" data-e-type=\"column\">\n\t\t\t<div class=\"elementor-widget-wrap elementor-element-populated\">\n\t\t\t\t\t\t<section class=\"elementor-section elementor-inner-section elementor-element elementor-element-acd19ca elementor-section-boxed elementor-section-height-default elementor-section-height-default\" data-id=\"acd19ca\" data-element_type=\"section\" data-e-type=\"section\">\n\t\t\t\t\t\t<div class=\"elementor-container elementor-column-gap-default\">\n\t\t\t\t\t<div class=\"elementor-column elementor-col-50 elementor-inner-column elementor-element elementor-element-b28198f\" data-id=\"b28198f\" data-element_type=\"column\" data-e-type=\"column\">\n\t\t\t<div class=\"elementor-widget-wrap elementor-element-populated\">\n\t\t\t\t\t\t<div class=\"elementor-element elementor-element-19ce080 elementor-widget elementor-widget-heading\" data-id=\"19ce080\" data-element_type=\"widget\" data-e-type=\"widget\" data-widget_type=\"heading.default\">\n\t\t\t\t<div class=\"elementor-widget-container\">\n\t\t\t\t\t<h3 class=\"elementor-heading-title elementor-size-default\">Nasza filozofia<\/h3>\t\t\t\t<\/div>\n\t\t\t\t<\/div>\n\t\t\t\t<div class=\"elementor-element elementor-element-b40d6c3 elementor-widget elementor-widget-heading\" data-id=\"b40d6c3\" data-element_type=\"widget\" data-e-type=\"widget\" data-widget_type=\"heading.default\">\n\t\t\t\t<div class=\"elementor-widget-container\">\n\t\t\t\t\t<p class=\"elementor-heading-title elementor-size-default\">W CustomerService wierzymy, \u017ce sztuczna inteligencja powinna by\u0107 dost\u0119pna i przyst\u0119pna cenowo dla ka\u017cdego. Wierzymy, \u017ce prawdziwy potencja\u0142 sztucznej inteligencji le\u017cy w jej zdolno\u015bci do dostosowania do konkretnych potrzeb i przypadk\u00f3w u\u017cycia, a my jeste\u015bmy zaanga\u017cowani w urzeczywistnianie tego dla naszych klient\u00f3w.<\/p>\t\t\t\t<\/div>\n\t\t\t\t<\/div>\n\t\t\t\t\t<\/div>\n\t\t<\/div>\n\t\t\t\t<div class=\"elementor-column elementor-col-50 elementor-inner-column elementor-element elementor-element-a9aa8a0\" data-id=\"a9aa8a0\" data-element_type=\"column\" data-e-type=\"column\">\n\t\t\t<div class=\"elementor-widget-wrap elementor-element-populated\">\n\t\t\t\t\t\t<div class=\"elementor-element elementor-element-e07067f elementor-position-left elementor-widget__width-inherit thinTitle elementor-vertical-align-top elementor-widget elementor-widget-image-box\" data-id=\"e07067f\" data-element_type=\"widget\" data-e-type=\"widget\" data-widget_type=\"image-box.default\">\n\t\t\t\t<div class=\"elementor-widget-container\">\n\t\t\t\t\t<div class=\"elementor-image-box-wrapper\"><figure class=\"elementor-image-box-img\"><img loading=\"lazy\" decoding=\"async\" width=\"149\" height=\"150\" src=\"https:\/\/customer-service.ai\/wp-content\/uploads\/2023\/06\/profile-1-new.png\" class=\"attachment-full size-full wp-image-7550\" alt=\"\" style=\"width:100%;height:100.67%;max-width:149px\" \/><\/figure><div class=\"elementor-image-box-content\"><h3 class=\"elementor-image-box-title\">John Doe <span>CEO I ZA\u0141O\u017bYCIEL<\/span><\/h3><p class=\"elementor-image-box-description\">Zbudowali\u015bmy CustomerService tak, aby mo\u017cna go by\u0142o udost\u0119pnia\u0107 innym, niezale\u017cnie od ich wiedzy technicznej.<\/p><\/div><\/div>\t\t\t\t<\/div>\n\t\t\t\t<\/div>\n\t\t\t\t\t<\/div>\n\t\t<\/div>\n\t\t\t\t\t<\/div>\n\t\t<\/section>\n\t\t\t\t\t<\/div>\n\t\t<\/div>\n\t\t\t\t\t<\/div>\n\t\t<\/section>\n\t\t\t\t<section class=\"elementor-section elementor-top-section elementor-element elementor-element-c5d3d12 elementor-section-boxed elementor-section-height-default elementor-section-height-default\" data-id=\"c5d3d12\" data-element_type=\"section\" data-e-type=\"section\">\n\t\t\t\t\t\t<div class=\"elementor-container elementor-column-gap-default\">\n\t\t\t\t\t<div class=\"elementor-column elementor-col-100 elementor-top-column elementor-element elementor-element-420dc3b\" data-id=\"420dc3b\" data-element_type=\"column\" data-e-type=\"column\">\n\t\t\t<div class=\"elementor-widget-wrap elementor-element-populated\">\n\t\t\t\t\t\t<section class=\"elementor-section elementor-inner-section elementor-element elementor-element-747887e elementor-section-boxed elementor-section-height-default elementor-section-height-default\" data-id=\"747887e\" data-element_type=\"section\" data-e-type=\"section\">\n\t\t\t\t\t\t<div class=\"elementor-container elementor-column-gap-default\">\n\t\t\t\t\t<div class=\"elementor-column elementor-col-50 elementor-inner-column elementor-element elementor-element-6531b2a\" data-id=\"6531b2a\" data-element_type=\"column\" data-e-type=\"column\">\n\t\t\t<div class=\"elementor-widget-wrap elementor-element-populated\">\n\t\t\t\t\t\t<div class=\"elementor-element elementor-element-ec55cff elementor-widget elementor-widget-heading\" data-id=\"ec55cff\" data-element_type=\"widget\" data-e-type=\"widget\" data-widget_type=\"heading.default\">\n\t\t\t\t<div class=\"elementor-widget-container\">\n\t\t\t\t\t<h3 class=\"elementor-heading-title elementor-size-default\">Zosta\u0144 partnerem<\/h3>\t\t\t\t<\/div>\n\t\t\t\t<\/div>\n\t\t\t\t<div class=\"elementor-element elementor-element-c7d72a9 elementor-widget elementor-widget-heading\" data-id=\"c7d72a9\" data-element_type=\"widget\" data-e-type=\"widget\" data-widget_type=\"heading.default\">\n\t\t\t\t<div class=\"elementor-widget-container\">\n\t\t\t\t\t<p class=\"elementor-heading-title elementor-size-default\">Polecaj rozwi\u0105zania CustomerService firmom i zarabiaj pieni\u0105dze za polecenia. Zarejestruj si\u0119 w naszym programie partnerskim lub napisz do nas na adres info@bconnectlivechat.nl . <\/p>\t\t\t\t<\/div>\n\t\t\t\t<\/div>\n\t\t\t\t\t<\/div>\n\t\t<\/div>\n\t\t\t\t<div class=\"elementor-column elementor-col-50 elementor-inner-column elementor-element elementor-element-948d917\" data-id=\"948d917\" data-element_type=\"column\" data-e-type=\"column\">\n\t\t\t<div class=\"elementor-widget-wrap elementor-element-populated\">\n\t\t\t\t\t\t<div class=\"elementor-element elementor-element-43ed082 cus-acc elementor-widget elementor-widget-accordion\" data-id=\"43ed082\" data-element_type=\"widget\" data-e-type=\"widget\" data-widget_type=\"accordion.default\">\n\t\t\t\t<div class=\"elementor-widget-container\">\n\t\t\t\t\t\t\t<div class=\"elementor-accordion\">\n\t\t\t\t\t\t\t<div class=\"elementor-accordion-item\">\n\t\t\t\t\t<div id=\"elementor-tab-title-7121\" class=\"elementor-tab-title\" data-tab=\"1\" role=\"button\" aria-controls=\"elementor-tab-content-7121\" aria-expanded=\"false\">\n\t\t\t\t\t\t\t\t\t\t\t\t\t<span class=\"elementor-accordion-icon elementor-accordion-icon-right\" aria-hidden=\"true\">\n\t\t\t\t\t\t\t\t\t\t\t\t\t\t\t<span class=\"elementor-accordion-icon-closed\"><i class=\"fas fa-angle-down\"><\/i><\/span>\n\t\t\t\t\t\t\t\t<span class=\"elementor-accordion-icon-opened\"><i class=\"fas fa-angle-up\"><\/i><\/span>\n\t\t\t\t\t\t\t\t\t\t\t\t\t\t<\/span>\n\t\t\t\t\t\t\t\t\t\t\t\t<a class=\"elementor-accordion-title\" tabindex=\"0\">Deweloperzy<\/a>\n\t\t\t\t\t<\/div>\n\t\t\t\t\t<div id=\"elementor-tab-content-7121\" class=\"elementor-tab-content elementor-clearfix\" data-tab=\"1\" role=\"region\" aria-labelledby=\"elementor-tab-title-7121\"><p>Ka\u017cdy p\u0142atny plan obejmuje dost\u0119p do API. Wierzymy, \u017ce prawdziwa moc CustomerService le\u017cy w programistach w\u0142\u0105czaj\u0105cych ChatGPT z w\u0142asnymi danymi do przep\u0142yw\u00f3w pracy. <\/p>\n<\/div>\n\t\t\t\t<\/div>\n\t\t\t\t\t\t\t<div class=\"elementor-accordion-item\">\n\t\t\t\t\t<div id=\"elementor-tab-title-7122\" class=\"elementor-tab-title\" data-tab=\"2\" role=\"button\" aria-controls=\"elementor-tab-content-7122\" aria-expanded=\"false\">\n\t\t\t\t\t\t\t\t\t\t\t\t\t<span class=\"elementor-accordion-icon elementor-accordion-icon-right\" aria-hidden=\"true\">\n\t\t\t\t\t\t\t\t\t\t\t\t\t\t\t<span class=\"elementor-accordion-icon-closed\"><i class=\"fas fa-angle-down\"><\/i><\/span>\n\t\t\t\t\t\t\t\t<span class=\"elementor-accordion-icon-opened\"><i class=\"fas fa-angle-up\"><\/i><\/span>\n\t\t\t\t\t\t\t\t\t\t\t\t\t\t<\/span>\n\t\t\t\t\t\t\t\t\t\t\t\t<a class=\"elementor-accordion-title\" tabindex=\"0\">Partnerzy technologiczni<\/a>\n\t\t\t\t\t<\/div>\n\t\t\t\t\t<div id=\"elementor-tab-content-7122\" class=\"elementor-tab-content elementor-clearfix\" data-tab=\"2\" role=\"region\" aria-labelledby=\"elementor-tab-title-7122\"><p>Je\u015bli chcesz zintegrowa\u0107 nasz\u0105 technologi\u0119 z istniej\u0105c\u0105 ofert\u0105 produkt\u00f3w lub opracowa\u0107 nowe aplikacje. Ka\u017cdy p\u0142atny plan obejmuje dost\u0119p do API. <\/p>\n<\/div>\n\t\t\t\t<\/div>\n\t\t\t\t\t\t\t<div class=\"elementor-accordion-item\">\n\t\t\t\t\t<div id=\"elementor-tab-title-7123\" class=\"elementor-tab-title\" data-tab=\"3\" role=\"button\" aria-controls=\"elementor-tab-content-7123\" aria-expanded=\"false\">\n\t\t\t\t\t\t\t\t\t\t\t\t\t<span class=\"elementor-accordion-icon elementor-accordion-icon-right\" aria-hidden=\"true\">\n\t\t\t\t\t\t\t\t\t\t\t\t\t\t\t<span class=\"elementor-accordion-icon-closed\"><i class=\"fas fa-angle-down\"><\/i><\/span>\n\t\t\t\t\t\t\t\t<span class=\"elementor-accordion-icon-opened\"><i class=\"fas fa-angle-up\"><\/i><\/span>\n\t\t\t\t\t\t\t\t\t\t\t\t\t\t<\/span>\n\t\t\t\t\t\t\t\t\t\t\t\t<a class=\"elementor-accordion-title\" tabindex=\"0\">Odsprzedawca<\/a>\n\t\t\t\t\t<\/div>\n\t\t\t\t\t<div id=\"elementor-tab-content-7123\" class=\"elementor-tab-content elementor-clearfix\" data-tab=\"3\" role=\"region\" aria-labelledby=\"elementor-tab-title-7123\"><p>Sprzedawaj i promuj technologi\u0119 AI CustomerService w\u015br\u00f3d swoich klient\u00f3w. B\u0119dziesz dzia\u0142a\u0107 jako g\u0142\u00f3wny punkt kontaktowy dla swoich klient\u00f3w i zapewnia\u0107 im wsparcie i wskaz\u00f3wki w ca\u0142ym procesie sprzeda\u017cy. Udost\u0119pniaj przychody za po\u015brednictwem <a href=\"https:\/\/customgpt.ai\/partners\/\">program partnerski<\/a>. <\/p>\n<\/div>\n\t\t\t\t<\/div>\n\t\t\t\t\t\t\t\t<\/div>\n\t\t\t\t\t\t<\/div>\n\t\t\t\t<\/div>\n\t\t\t\t\t<\/div>\n\t\t<\/div>\n\t\t\t\t\t<\/div>\n\t\t<\/section>\n\t\t\t\t\t<\/div>\n\t\t<\/div>\n\t\t\t\t\t<\/div>\n\t\t<\/section>\n\t\t\t\t<\/div>\n\t\t","protected":false},"excerpt":{"rendered":"<p>Nasza misja Umo\u017cliwienie firmom i osobom fizycznym korzystania z mocy sztucznej inteligencji i ChatGPT dla ich w\u0142asnych unikalnych tre\u015bci i potrzeb dzi\u0119ki \u0142atwej w u\u017cyciu platformie bez kodu \/ o niskim kodzie. ChatGPT dla ka\u017cdego D\u0105\u017cymy do wzmocnienia pozycji firm i os\u00f3b prywatnych dzi\u0119ki najnowocze\u015bniejszym rozwi\u0105zaniom AI, niezale\u017cnie od ich wiedzy technicznej. \u0141atwy w u\u017cyciu&hellip; <a class=\"more-link\" href=\"https:\/\/customer-service.ai\/pl\/o-nas\/\">Czytaj dalej <span class=\"screen-reader-text\">O nas<\/span><\/a><\/p>\n","protected":false},"author":2,"featured_media":0,"parent":0,"menu_order":0,"comment_status":"closed","ping_status":"closed","template":"","meta":{"_acf_changed":false,"inline_featured_image":false,"footnotes":""},"class_list":["post-7828","page","type-page","status-publish","hentry","entry"],"acf":[],"_links":{"self":[{"href":"https:\/\/customer-service.ai\/pl\/wp-json\/wp\/v2\/pages\/7828","targetHints":{"allow":["GET"]}}],"collection":[{"href":"https:\/\/customer-service.ai\/pl\/wp-json\/wp\/v2\/pages"}],"about":[{"href":"https:\/\/customer-service.ai\/pl\/wp-json\/wp\/v2\/types\/page"}],"author":[{"embeddable":true,"href":"https:\/\/customer-service.ai\/pl\/wp-json\/wp\/v2\/users\/2"}],"replies":[{"embeddable":true,"href":"https:\/\/customer-service.ai\/pl\/wp-json\/wp\/v2\/comments?post=7828"}],"version-history":[{"count":1,"href":"https:\/\/customer-service.ai\/pl\/wp-json\/wp\/v2\/pages\/7828\/revisions"}],"predecessor-version":[{"id":7829,"href":"https:\/\/customer-service.ai\/pl\/wp-json\/wp\/v2\/pages\/7828\/revisions\/7829"}],"wp:attachment":[{"href":"https:\/\/customer-service.ai\/pl\/wp-json\/wp\/v2\/media?parent=7828"}],"curies":[{"name":"wp","href":"https:\/\/api.w.org\/{rel}","templated":true}]}}